{"id":51,"date":"2025-11-04T20:48:16","date_gmt":"2025-11-04T20:48:16","guid":{"rendered":"https:\/\/liceotpllanoblanco.cl\/inicio\/about\/"},"modified":"2025-11-04T20:48:16","modified_gmt":"2025-11-04T20:48:16","slug":"about","status":"publish","type":"page","link":"https:\/\/liceotpllanoblanco.cl\/inicio\/about\/","title":{"rendered":"About"},"content":{"rendered":"\n\n\n\n\n\nSobre Nosotros\n<h2>Bienvenido a Nuestra Historia<\/h2>\n<p>Liceo Agroindustrial Llano Blanco busca ofrecer una educaci\u00f3n integral, enfoc\u00e1ndose en el desarrollo de competencias fundamentales en el sector agroindustrial.<\/p>\n\n\n\n\n\n\n\n<h2>Servicios Ofrecidos<\/h2>\n\n\n<p>Programa de formaci\u00f3n integral que capacita a los estudiantes en pr\u00e1cticas agr\u00edcolas modernas y sostenibles, preparando a los futuros l\u00edderes del sector agropecuario.<\/p>\n\n\n<p>Curso especializado en t\u00e9cnicas de procesamiento y conservaci\u00f3n de alimentos, que asegura la calidad y seguridad alimentaria en la producci\u00f3n.<\/p>\n\n\n<p>Fomento del esp\u00edritu emprendedor a trav\u00e9s de proyectos pr\u00e1cticos donde los estudiantes desarrollan sus propias ideas y negocios en el \u00e1mbito agroindustrial.<\/p>\n<p>Ofrecemos programas de actualizaci\u00f3n para profesionales del sector, asegurando que se mantengan al d\u00eda con las \u00faltimas tendencias y tecnolog\u00edas.<\/p>\n<p>Sesiones interactivas que permiten a los estudiantes aplicar sus conocimientos en entornos reales de trabajo, fortaleciendo su experiencia laboral.\n\n<\/p>\n\n\n\n\n\n\n\n<h2>Estad\u00edsticas Clave\n<\/h2>\n<p>Informaci\u00f3n relevante sobre nuestro compromiso educativo y el impacto en la comunidad.<\/p>\n\n\n\n\n\n\n\n\n\n\n\n\n\n\n\n\n\n\n\n\n\n\n\nLo que Dicen Nuestros Alumnos\n<h2>Testimonios de Nuestros Graduados<\/h2>\n\n\n\n\n\n\n\n\n\n\n\n\n\n\n\n\n\n\n<span  style=\"color: var(--pagelayer-color-text);font-weight:400; line-height:1.5;\">\u00abLa formaci\u00f3n que recib\u00ed en el Liceo Agroindustrial Llano Blanco me prepar\u00f3 para ser parte integral del sector agropecuario.\u00bb<\/span>\n\n\n\n\n\n\n<span  style=\"color: var(--pagelayer-color-text);font-weight:400; line-height:1.5;\">\u00abLos talleres pr\u00e1cticos fueron fundamentales para aplicar los conocimientos adquiridos y me dieron la confianza que necesitaba.\u00bb<\/span>\n\n\n\n\n\n\n<span  style=\"color: var(--pagelayer-color-text);font-weight:400; line-height:1.5;\">\u00abEn el Liceo aprend\u00ed no solo sobre t\u00e9cnicas agr\u00edcolas, sino tambi\u00e9n sobre c\u00f3mo emprender y ser un l\u00edder en el campo.\u00bb<\/span>\n\n\n\n","protected":false},"excerpt":{"rendered":"","protected":false},"author":1,"featured_media":0,"parent":0,"menu_order":0,"comment_status":"closed","ping_status":"closed","template":"","meta":{"pagelayer_contact_templates":[],"_pagelayer_content":"","footnotes":""},"class_list":["post-51","page","type-page","status-publish","hentry"],"_links":{"self":[{"href":"https:\/\/liceotpllanoblanco.cl\/inicio\/wp-json\/wp\/v2\/pages\/51","targetHints":{"allow":["GET"]}}],"collection":[{"href":"https:\/\/liceotpllanoblanco.cl\/inicio\/wp-json\/wp\/v2\/pages"}],"about":[{"href":"https:\/\/liceotpllanoblanco.cl\/inicio\/wp-json\/wp\/v2\/types\/page"}],"author":[{"embeddable":true,"href":"https:\/\/liceotpllanoblanco.cl\/inicio\/wp-json\/wp\/v2\/users\/1"}],"replies":[{"embeddable":true,"href":"https:\/\/liceotpllanoblanco.cl\/inicio\/wp-json\/wp\/v2\/comments?post=51"}],"version-history":[{"count":0,"href":"https:\/\/liceotpllanoblanco.cl\/inicio\/wp-json\/wp\/v2\/pages\/51\/revisions"}],"wp:attachment":[{"href":"https:\/\/liceotpllanoblanco.cl\/inicio\/wp-json\/wp\/v2\/media?parent=51"}],"curies":[{"name":"wp","href":"https:\/\/api.w.org\/{rel}","templated":true}]}}