{"id":70,"date":"2025-11-04T20:48:34","date_gmt":"2025-11-04T20:48:34","guid":{"rendered":"https:\/\/liceotpllanoblanco.cl\/inicio\/services\/"},"modified":"2025-11-04T20:48:34","modified_gmt":"2025-11-04T20:48:34","slug":"services","status":"publish","type":"page","link":"https:\/\/liceotpllanoblanco.cl\/inicio\/services\/","title":{"rendered":"Services"},"content":{"rendered":"\n\n\n\n<h2>Proyecto Educativo<\/h2>\n\n\n<h4>Agricultura Sostenible<\/h4>\n\n\n<h4>Innovaci\u00f3n Alimentaria<\/h4>\n\n\n<h4>Emprendimiento Estudiantil<\/h4>\n\n\n\n\n<h4>Colaboraci\u00f3n Comunitaria<\/h4>\n\n\n<h4>Programa de Mentor\u00eda<\/h4>\n\n\n\n\n\n\n\n<h2>Servicios Ofrecidos<\/h2>\n\n\n<p>Programa de formaci\u00f3n integral que capacita a los estudiantes en pr\u00e1cticas agr\u00edcolas modernas y sostenibles, preparando a los futuros l\u00edderes del sector agropecuario.<\/p>\n\n\n<p>Curso especializado en t\u00e9cnicas de procesamiento y conservaci\u00f3n de alimentos, que asegura la calidad y seguridad alimentaria en la producci\u00f3n.<\/p>\n\n\n<p>Fomento del esp\u00edritu emprendedor a trav\u00e9s de proyectos pr\u00e1cticos donde los estudiantes desarrollan sus propias ideas y negocios en el \u00e1mbito agroindustrial.<\/p>\n<p>Ofrecemos programas de actualizaci\u00f3n para profesionales del sector, asegurando que se mantengan al d\u00eda con las \u00faltimas tendencias y tecnolog\u00edas.<\/p>\n<p>Sesiones interactivas que permiten a los estudiantes aplicar sus conocimientos en entornos reales de trabajo, fortaleciendo su experiencia laboral.\n\n<\/p>\n\n\n\n\n\n\nEl equipo docente del Liceo Agroindustrial est\u00e1 compuesto por expertos en diversas \u00e1reas del sector.\n<h2>Conoce a Nuestro Equipo<\/h2>\n\n\n\n\n\n\n\n\n\n\n\n\n\n\n\n\n\n\nSobre Nosotros\n<h2>Bienvenido a Nuestra Historia<\/h2>\n<p>Conoce m\u00e1s acerca de nuestra misi\u00f3n, visi\u00f3n y valores que gu\u00edan nuestra instituci\u00f3n.<\/p>\n\nAprendizaje Pr\u00e1ctico\nMentor\u00eda Profesional\nEnfoque Sostenible\n\n\n\n","protected":false},"excerpt":{"rendered":"","protected":false},"author":1,"featured_media":0,"parent":0,"menu_order":0,"comment_status":"closed","ping_status":"closed","template":"","meta":{"pagelayer_contact_templates":[],"_pagelayer_content":"","footnotes":""},"class_list":["post-70","page","type-page","status-publish","hentry"],"_links":{"self":[{"href":"https:\/\/liceotpllanoblanco.cl\/inicio\/wp-json\/wp\/v2\/pages\/70","targetHints":{"allow":["GET"]}}],"collection":[{"href":"https:\/\/liceotpllanoblanco.cl\/inicio\/wp-json\/wp\/v2\/pages"}],"about":[{"href":"https:\/\/liceotpllanoblanco.cl\/inicio\/wp-json\/wp\/v2\/types\/page"}],"author":[{"embeddable":true,"href":"https:\/\/liceotpllanoblanco.cl\/inicio\/wp-json\/wp\/v2\/users\/1"}],"replies":[{"embeddable":true,"href":"https:\/\/liceotpllanoblanco.cl\/inicio\/wp-json\/wp\/v2\/comments?post=70"}],"version-history":[{"count":0,"href":"https:\/\/liceotpllanoblanco.cl\/inicio\/wp-json\/wp\/v2\/pages\/70\/revisions"}],"wp:attachment":[{"href":"https:\/\/liceotpllanoblanco.cl\/inicio\/wp-json\/wp\/v2\/media?parent=70"}],"curies":[{"name":"wp","href":"https:\/\/api.w.org\/{rel}","templated":true}]}}